{"id":5149,"date":"2019-11-11T16:30:31","date_gmt":"2019-11-11T15:30:31","guid":{"rendered":"http:\/\/2019.czeducon.cz\/?page_id=5149"},"modified":"2019-11-11T16:45:50","modified_gmt":"2019-11-11T15:45:50","slug":"oran","status":"publish","type":"page","link":"https:\/\/2019.czeducon.cz\/en\/oran\/","title":{"rendered":"oran"},"content":{"rendered":"<p>[et_pb_section fb_built=&#8221;1&#8243; _builder_version=&#8221;3.29.2&#8243; background_color=&#8221;rgba(0,0,0,0)&#8221; custom_padding=&#8221;0px|||||&#8221; fb_built=&#8221;1&#8243; _i=&#8221;0&#8243; _address=&#8221;0&#8243;][et_pb_row _builder_version=&#8221;3.29.2&#8243; _i=&#8221;0&#8243; _address=&#8221;0.0&#8243;][et_pb_column type=&#8221;4_4&#8243; _builder_version=&#8221;3.29.2&#8243; _i=&#8221;0&#8243; _address=&#8221;0.0.0&#8243;][et_pb_gallery _builder_version=&#8221;3.29.2&#8243; gallery_ids=&#8221;5009,5008&#8243; posts_number=&#8221;999&#8243; show_title_and_caption=&#8221;off&#8221; show_pagination=&#8221;off&#8221; zoom_icon_color=&#8221;rgba(0,0,0,0)&#8221; hover_overlay_color=&#8221;rgba(0,0,0,0)&#8221; child_filter_hue_rotate__hover_enabled=&#8221;off|desktop&#8221; hover_enabled=&#8221;0&#8243; child_filter_saturate=&#8221;0%&#8221; child_filter_brightness=&#8221;50%&#8221; child_filter_sepia=&#8221;100%&#8221; child_filter_saturate__hover_enabled=&#8221;on|desktop&#8221; child_filter_saturate__hover=&#8221;100%&#8221; child_filter_sepia__hover_enabled=&#8221;on|desktop&#8221; child_filter_sepia__hover=&#8221;0%&#8221; child_filter_brightness__hover_enabled=&#8221;on|desktop&#8221; child_filter_brightness__hover=&#8221;100%&#8221; box_shadow_blur_image__hover_enabled=&#8221;on|desktop&#8221; box_shadow_blur_image__hover=&#8221;0px&#8221; title_text_color=&#8221;rgba(0,0,0,0)&#8221; caption_text_color=&#8221;rgba(0,0,0,0)&#8221;][\/et_pb_gallery][\/et_pb_column][\/et_pb_row][\/et_pb_section][et_pb_section fb_built=&#8221;1&#8243; _builder_version=&#8221;3.29.2&#8243; background_color=&#8221;#ee8851&#8243; custom_padding=&#8221;20px|0|8px|0|false|false&#8221; top_divider_style=&#8221;clouds2&#8243; top_divider_color=&#8221;rgba(0,0,0,0)&#8221; top_divider_height=&#8221;0px&#8221; top_divider_flip=&#8221;vertical&#8221; bottom_divider_style=&#8221;clouds&#8221; bottom_divider_color=&#8221;rgba(0,0,0,0)&#8221; transparent_background=&#8221;off&#8221; global_module=&#8221;3917&#8243; fb_built=&#8221;1&#8243; _i=&#8221;1&#8243; _address=&#8221;1&#8243;][et_pb_row column_structure=&#8221;2_5,3_5&#8243; use_custom_gutter=&#8221;on&#8221; gutter_width=&#8221;2&#8243; column_padding_mobile=&#8221;on&#8221; _builder_version=&#8221;3.25&#8243; background_size=&#8221;initial&#8221; background_position=&#8221;top_left&#8221; background_repeat=&#8221;repeat&#8221; custom_padding=&#8221;0||0|0|true|false&#8221; _i=&#8221;0&#8243; _address=&#8221;1.0&#8243;][et_pb_column type=&#8221;2_5&#8243; _builder_version=&#8221;3.25&#8243; custom_padding=&#8221;|||&#8221; _i=&#8221;0&#8243; _address=&#8221;1.0.0&#8243; custom_padding__hover=&#8221;|||&#8221;][et_pb_text _builder_version=&#8221;3.29.2&#8243; text_font_size=&#8221;20px&#8221; custom_padding=&#8221;|||10px||&#8221; _i=&#8221;0&#8243; _address=&#8221;1.0.0.0&#8243;]<span style=\"color: #FADDCD;\">\u010desky | <\/span><strong><span style=\"color: #ffffff;\"><a href=\"https:\/\/en.czeducon.cz\" style=\"color: #ffffff;\">english<\/a><\/span><\/strong>[\/et_pb_text][et_pb_text _builder_version=&#8221;3.29.2&#8243; text_font_size=&#8221;20px&#8221; custom_padding=&#8221;|||10px||&#8221; _i=&#8221;1&#8243; _address=&#8221;1.0.0.1&#8243;]<strong><span style=\"color: #ffffff;\"><a href=\"https:\/\/2018.czeducon.cz\" style=\"color: #ffffff;\">Ro\u010dn\u00edk 2018<\/a><\/span><\/strong><\/p>\n<p>[\/et_pb_text][et_pb_code _builder_version=&#8221;3.12.1&#8243; _i=&#8221;2&#8243; _address=&#8221;1.0.0.2&#8243;][\/et_pb_code][\/et_pb_column][et_pb_column type=&#8221;3_5&#8243; _builder_version=&#8221;3.25&#8243; custom_padding=&#8221;|||&#8221; _i=&#8221;1&#8243; _address=&#8221;1.0.1&#8243; custom_padding__hover=&#8221;|||&#8221;][et_pb_image src=&#8221;http:\/\/2019.czeducon.cz\/wp-content\/uploads\/2019\/09\/DZS_logolink_sirka_zkratka_bila19.png&#8221; _builder_version=&#8221;3.29.2&#8243; width=&#8221;80%&#8221; max_width=&#8221;100%&#8221; _i=&#8221;0&#8243; _address=&#8221;1.0.1.0&#8243;][\/et_pb_image][\/et_pb_column][\/et_pb_row][\/et_pb_section]<\/p>\n","protected":false},"excerpt":{"rendered":"<p>\u010desky | englishRo\u010dn\u00edk 2018<\/p>\n","protected":false},"author":1,"featured_media":0,"parent":0,"menu_order":0,"comment_status":"closed","ping_status":"closed","template":"","meta":{"_et_pb_use_builder":"on","_et_pb_old_content":"","_et_gb_content_width":"","inline_featured_image":false,"_exactmetrics_skip_tracking":false,"_exactmetrics_sitenote_active":false,"_exactmetrics_sitenote_note":"","_exactmetrics_sitenote_category":0,"footnotes":"","_links_to":"","_links_to_target":""},"class_list":["post-5149","page","type-page","status-publish","hentry"],"translation":{"provider":"WPGlobus","version":"3.0.2","language":"en","enabled_languages":["cs","en"],"languages":{"cs":{"title":true,"content":true,"excerpt":false},"en":{"title":false,"content":false,"excerpt":false}}},"yoast_head":"<!-- This site is optimized with the Yoast SEO plugin v27.4 - https:\/\/yoast.com\/product\/yoast-seo-wordpress\/ -->\n<title>oran - CZEDUCON.cz<\/title>\n<meta name=\"robots\" content=\"index, follow, max-snippet:-1, max-image-preview:large, max-video-preview:-1\" \/>\n<link rel=\"canonical\" href=\"https:\/\/2019.czeducon.cz\/oran\/\" \/>\n<meta property=\"og:locale\" content=\"en_US\" \/>\n<meta property=\"og:type\" content=\"article\" \/>\n<meta property=\"og:title\" content=\"oran - CZEDUCON.cz\" \/>\n<meta property=\"og:url\" content=\"https:\/\/2019.czeducon.cz\/oran\/\" \/>\n<meta property=\"og:site_name\" content=\"CZEDUCON.cz\" \/>\n<meta property=\"article:publisher\" content=\"https:\/\/www.facebook.com\/dumzahranicnispoluprace\/\" \/>\n<meta property=\"article:modified_time\" content=\"2019-11-11T15:45:50+00:00\" \/>\n<meta name=\"twitter:card\" content=\"summary_large_image\" \/>\n<meta name=\"twitter:site\" content=\"@dzs_cz\" \/>\n<meta name=\"twitter:label1\" content=\"Est. reading time\" \/>\n\t<meta name=\"twitter:data1\" content=\"2 minutes\" \/>\n<script type=\"application\/ld+json\" class=\"yoast-schema-graph\">{\"@context\":\"https:\\\/\\\/schema.org\",\"@graph\":[{\"@type\":\"WebPage\",\"@id\":\"https:\\\/\\\/2019.czeducon.cz\\\/oran\\\/\",\"url\":\"https:\\\/\\\/2019.czeducon.cz\\\/oran\\\/\",\"name\":\"oran - CZEDUCON.cz\",\"isPartOf\":{\"@id\":\"https:\\\/\\\/2019.czeducon.cz\\\/#website\"},\"datePublished\":\"2019-11-11T15:30:31+00:00\",\"dateModified\":\"2019-11-11T15:45:50+00:00\",\"breadcrumb\":{\"@id\":\"https:\\\/\\\/2019.czeducon.cz\\\/oran\\\/#breadcrumb\"},\"inLanguage\":\"en-US\",\"potentialAction\":[{\"@type\":\"ReadAction\",\"target\":[\"https:\\\/\\\/2019.czeducon.cz\\\/oran\\\/\"]}]},{\"@type\":\"BreadcrumbList\",\"@id\":\"https:\\\/\\\/2019.czeducon.cz\\\/oran\\\/#breadcrumb\",\"itemListElement\":[{\"@type\":\"ListItem\",\"position\":1,\"name\":\"Dom\u016f\",\"item\":\"https:\\\/\\\/2019.czeducon.cz\\\/\"},{\"@type\":\"ListItem\",\"position\":2,\"name\":\"oran\"}]},{\"@type\":\"WebSite\",\"@id\":\"https:\\\/\\\/2019.czeducon.cz\\\/#website\",\"url\":\"https:\\\/\\\/2019.czeducon.cz\\\/\",\"name\":\"CZEDUCON.cz - F\u00f3rum mezin\u00e1rodn\u00edho vysoko\u0161kolsk\u00e9ho vzd\u011bl\u00e1v\u00e1n\u00ed\",\"description\":\"F\u00f3rum mezin\u00e1rodn\u00edho vysoko\u0161kolsk\u00e9ho vzd\u011bl\u00e1v\u00e1n\u00ed\",\"publisher\":{\"@id\":\"https:\\\/\\\/2019.czeducon.cz\\\/#organization\"},\"potentialAction\":[{\"@type\":\"SearchAction\",\"target\":{\"@type\":\"EntryPoint\",\"urlTemplate\":\"https:\\\/\\\/2019.czeducon.cz\\\/?s={search_term_string}\"},\"query-input\":{\"@type\":\"PropertyValueSpecification\",\"valueRequired\":true,\"valueName\":\"search_term_string\"}}],\"inLanguage\":\"en-US\"},{\"@type\":\"Organization\",\"@id\":\"https:\\\/\\\/2019.czeducon.cz\\\/#organization\",\"name\":\"D\u016fm zahrani\u010dn\u00ed spolupr\u00e1ce\",\"url\":\"https:\\\/\\\/2019.czeducon.cz\\\/\",\"logo\":{\"@type\":\"ImageObject\",\"inLanguage\":\"en-US\",\"@id\":\"https:\\\/\\\/2019.czeducon.cz\\\/#\\\/schema\\\/logo\\\/image\\\/\",\"url\":\"https:\\\/\\\/2019.czeducon.cz\\\/wp-content\\\/uploads\\\/2019\\\/06\\\/DZS_logo_zakladni_RGB.png\",\"contentUrl\":\"https:\\\/\\\/2019.czeducon.cz\\\/wp-content\\\/uploads\\\/2019\\\/06\\\/DZS_logo_zakladni_RGB.png\",\"width\":772,\"height\":275,\"caption\":\"D\u016fm zahrani\u010dn\u00ed spolupr\u00e1ce\"},\"image\":{\"@id\":\"https:\\\/\\\/2019.czeducon.cz\\\/#\\\/schema\\\/logo\\\/image\\\/\"},\"sameAs\":[\"https:\\\/\\\/www.facebook.com\\\/dumzahranicnispoluprace\\\/\",\"https:\\\/\\\/x.com\\\/dzs_cz\",\"https:\\\/\\\/www.instagram.com\\\/dzs_cz\\\/\",\"https:\\\/\\\/www.linkedin.com\\\/company\\\/dzs_cz\\\/\",\"https:\\\/\\\/www.youtube.com\\\/channel\\\/UCG0LN9Gh9Hjc2803QuuPoOw\"]}]}<\/script>\n<!-- \/ Yoast SEO plugin. -->","yoast_head_json":{"title":"oran - CZEDUCON.cz","robots":{"index":"index","follow":"follow","max-snippet":"max-snippet:-1","max-image-preview":"max-image-preview:large","max-video-preview":"max-video-preview:-1"},"canonical":"https:\/\/2019.czeducon.cz\/oran\/","og_locale":"en_US","og_type":"article","og_title":"oran - CZEDUCON.cz","og_url":"https:\/\/2019.czeducon.cz\/oran\/","og_site_name":"CZEDUCON.cz","article_publisher":"https:\/\/www.facebook.com\/dumzahranicnispoluprace\/","article_modified_time":"2019-11-11T15:45:50+00:00","twitter_card":"summary_large_image","twitter_site":"@dzs_cz","twitter_misc":{"Est. reading time":"2 minutes"},"schema":{"@context":"https:\/\/schema.org","@graph":[{"@type":"WebPage","@id":"https:\/\/2019.czeducon.cz\/oran\/","url":"https:\/\/2019.czeducon.cz\/oran\/","name":"oran - CZEDUCON.cz","isPartOf":{"@id":"https:\/\/2019.czeducon.cz\/#website"},"datePublished":"2019-11-11T15:30:31+00:00","dateModified":"2019-11-11T15:45:50+00:00","breadcrumb":{"@id":"https:\/\/2019.czeducon.cz\/oran\/#breadcrumb"},"inLanguage":"en-US","potentialAction":[{"@type":"ReadAction","target":["https:\/\/2019.czeducon.cz\/oran\/"]}]},{"@type":"BreadcrumbList","@id":"https:\/\/2019.czeducon.cz\/oran\/#breadcrumb","itemListElement":[{"@type":"ListItem","position":1,"name":"Dom\u016f","item":"https:\/\/2019.czeducon.cz\/"},{"@type":"ListItem","position":2,"name":"oran"}]},{"@type":"WebSite","@id":"https:\/\/2019.czeducon.cz\/#website","url":"https:\/\/2019.czeducon.cz\/","name":"CZEDUCON.cz - F\u00f3rum mezin\u00e1rodn\u00edho vysoko\u0161kolsk\u00e9ho vzd\u011bl\u00e1v\u00e1n\u00ed","description":"F\u00f3rum mezin\u00e1rodn\u00edho vysoko\u0161kolsk\u00e9ho vzd\u011bl\u00e1v\u00e1n\u00ed","publisher":{"@id":"https:\/\/2019.czeducon.cz\/#organization"},"potentialAction":[{"@type":"SearchAction","target":{"@type":"EntryPoint","urlTemplate":"https:\/\/2019.czeducon.cz\/?s={search_term_string}"},"query-input":{"@type":"PropertyValueSpecification","valueRequired":true,"valueName":"search_term_string"}}],"inLanguage":"en-US"},{"@type":"Organization","@id":"https:\/\/2019.czeducon.cz\/#organization","name":"D\u016fm zahrani\u010dn\u00ed spolupr\u00e1ce","url":"https:\/\/2019.czeducon.cz\/","logo":{"@type":"ImageObject","inLanguage":"en-US","@id":"https:\/\/2019.czeducon.cz\/#\/schema\/logo\/image\/","url":"https:\/\/2019.czeducon.cz\/wp-content\/uploads\/2019\/06\/DZS_logo_zakladni_RGB.png","contentUrl":"https:\/\/2019.czeducon.cz\/wp-content\/uploads\/2019\/06\/DZS_logo_zakladni_RGB.png","width":772,"height":275,"caption":"D\u016fm zahrani\u010dn\u00ed spolupr\u00e1ce"},"image":{"@id":"https:\/\/2019.czeducon.cz\/#\/schema\/logo\/image\/"},"sameAs":["https:\/\/www.facebook.com\/dumzahranicnispoluprace\/","https:\/\/x.com\/dzs_cz","https:\/\/www.instagram.com\/dzs_cz\/","https:\/\/www.linkedin.com\/company\/dzs_cz\/","https:\/\/www.youtube.com\/channel\/UCG0LN9Gh9Hjc2803QuuPoOw"]}]}},"_links":{"self":[{"href":"https:\/\/2019.czeducon.cz\/en\/wp-json\/wp\/v2\/pages\/5149","targetHints":{"allow":["GET"]}}],"collection":[{"href":"https:\/\/2019.czeducon.cz\/en\/wp-json\/wp\/v2\/pages"}],"about":[{"href":"https:\/\/2019.czeducon.cz\/en\/wp-json\/wp\/v2\/types\/page"}],"author":[{"embeddable":true,"href":"https:\/\/2019.czeducon.cz\/en\/wp-json\/wp\/v2\/users\/1"}],"replies":[{"embeddable":true,"href":"https:\/\/2019.czeducon.cz\/en\/wp-json\/wp\/v2\/comments?post=5149"}],"version-history":[{"count":5,"href":"https:\/\/2019.czeducon.cz\/en\/wp-json\/wp\/v2\/pages\/5149\/revisions"}],"predecessor-version":[{"id":5159,"href":"https:\/\/2019.czeducon.cz\/en\/wp-json\/wp\/v2\/pages\/5149\/revisions\/5159"}],"wp:attachment":[{"href":"https:\/\/2019.czeducon.cz\/en\/wp-json\/wp\/v2\/media?parent=5149"}],"curies":[{"name":"wp","href":"https:\/\/api.w.org\/{rel}","templated":true}]}}