{"id":5059,"date":"2019-10-20T12:29:13","date_gmt":"2019-10-20T10:29:13","guid":{"rendered":"http:\/\/2019.czeducon.cz\/?page_id=5059"},"modified":"2019-10-20T12:29:14","modified_gmt":"2019-10-20T10:29:14","slug":"pruh","status":"publish","type":"page","link":"https:\/\/2019.czeducon.cz\/en\/pruh\/","title":{"rendered":"pruh"},"content":{"rendered":"<p>[et_pb_section fb_built=&#8221;1&#8243; _builder_version=&#8221;3.29.2&#8243; background_color=&#8221;rgba(0,0,0,0)&#8221; custom_padding=&#8221;0|0px|0|0px|false|false&#8221; fb_built=&#8221;1&#8243; _i=&#8221;0&#8243; _address=&#8221;0&#8243;][et_pb_row _builder_version=&#8221;3.29.2&#8243; hover_enabled=&#8221;0&#8243; custom_padding=&#8221;2px||4px|||&#8221;][et_pb_column _builder_version=&#8221;3.29.2&#8243; type=&#8221;4_4&#8243;][et_pb_text _builder_version=&#8221;3.29.2&#8243; hover_enabled=&#8221;0&#8243; text_orientation=&#8221;right&#8221; background_color=&#8221;rgba(0,0,0,0)&#8221;]<span  style=\"background-color: #ffffff;\"><span  style=\"color: #faddcd;\">\u010desky | <\/span><a href=\"https:\/\/en.czeducon.cz\" style=\"color: #ffffff;\"><strong><span style=\"color: #ee8851;\">english<\/span><\/strong><\/a><\/span>[\/et_pb_text][\/et_pb_column][\/et_pb_row][et_pb_row _builder_version=&#8221;3.29.2&#8243; custom_padding=&#8221;17px||17px|||&#8221; _i=&#8221;0&#8243; _address=&#8221;0.0&#8243;][et_pb_column type=&#8221;4_4&#8243; _builder_version=&#8221;3.29.2&#8243; _i=&#8221;0&#8243; _address=&#8221;0.0.0&#8243;][et_pb_image src=&#8221;http:\/\/2019.czeducon.cz\/wp-content\/uploads\/2019\/10\/uvodniczeducon.jpg&#8221; align=&#8221;center&#8221; _builder_version=&#8221;3.29.2&#8243; width=&#8221;100%&#8221; max_width=&#8221;100%&#8221; _i=&#8221;0&#8243; _address=&#8221;0.0.0.0&#8243;][\/et_pb_image][\/et_pb_column][\/et_pb_row][et_pb_row _builder_version=&#8221;3.29.2&#8243; background_color=&#8221;#ffffff&#8221; width=&#8221;100%&#8221; max_width=&#8221;1000px&#8221; module_alignment=&#8221;center&#8221; border_color_all=&#8221;#2c3e56&#8243; _i=&#8221;1&#8243; _address=&#8221;0.1&#8243;][et_pb_column type=&#8221;4_4&#8243; _builder_version=&#8221;3.29.2&#8243; _i=&#8221;0&#8243; _address=&#8221;0.1.0&#8243;][et_pb_text _builder_version=&#8221;3.29.2&#8243; text_font_size=&#8221;15px&#8221; text_line_height=&#8221;1.8em&#8221; header_font=&#8221;|700|||||||&#8221; header_text_color=&#8221;#ee8851&#8243; header_font_size=&#8221;34px&#8221; custom_padding=&#8221;|0px||4px||&#8221; _i=&#8221;0&#8243; _address=&#8221;0.1.0.0&#8243;]<\/p>\n<p>F\u00f3rum CZEDUCON je platformou pro setk\u00e1v\u00e1n\u00ed odborn\u00edk\u016f z oblasti internacionalizace vysok\u00fdch \u0161kol. V \u010cesk\u00e9 republice se jedn\u00e1 o <b>nejv\u011bt\u0161\u00ed akci sv\u00e9ho druhu<\/b>. Konferenci po\u0159\u00e1d\u00e1 D\u016fm zahrani\u010dn\u00ed spolupr\u00e1ce pod z\u00e1\u0161titou M\u0160MT.<\/p>\n<p>V roce 2019 se konference z\u00fa\u010dastn\u00ed na <b>500 n\u00e1v\u0161t\u011bvn\u00edk\u016f<\/b> a vybrat si budou moci ze <b>42 p\u0159edn\u00e1\u0161ek a workshop\u016f<\/b>. T\u011b\u0161it se mohou na t\u00e9m\u011b\u0159 <b>70 prezentuj\u00edc\u00edch<\/b>, z toho<b> 20 renomovan\u00fdch zahrani\u010dn\u00edch host\u016f<\/b>.<\/p>\n<p><b>Mezi hlavn\u00edmi \u0159e\u010dn\u00edky se p\u0159edstav\u00ed:<\/b><\/p>\n<p>[\/et_pb_text][\/et_pb_column][\/et_pb_row][et_pb_row column_structure=&#8221;1_4,3_4&#8243; _builder_version=&#8221;3.29.2&#8243; background_color=&#8221;#ffffff&#8221; max_width=&#8221;1000px&#8221; module_alignment=&#8221;center&#8221; border_width_top=&#8221;3px&#8221; border_color_top=&#8221;#ee8851&#8243; _i=&#8221;2&#8243; _address=&#8221;0.2&#8243;][et_pb_column type=&#8221;1_4&#8243; _builder_version=&#8221;3.29.2&#8243; _i=&#8221;0&#8243; _address=&#8221;0.2.0&#8243;][et_pb_image src=&#8221;http:\/\/2019.czeducon.cz\/wp-content\/uploads\/2019\/10\/choudala.png&#8221; align=&#8221;center&#8221; _builder_version=&#8221;3.29.2&#8243; width=&#8221;90%&#8221; module_alignment=&#8221;right&#8221; _i=&#8221;0&#8243; _address=&#8221;0.2.0.0&#8243;][\/et_pb_image][\/et_pb_column][et_pb_column type=&#8221;3_4&#8243; _builder_version=&#8221;3.29.2&#8243; _i=&#8221;1&#8243; _address=&#8221;0.2.1&#8243;][et_pb_text _builder_version=&#8221;3.29.2&#8243; text_font_size=&#8221;16px&#8221; text_letter_spacing=&#8221;2px&#8221; custom_margin=&#8221;||12px|||&#8221; _i=&#8221;0&#8243; _address=&#8221;0.2.1.0&#8243;]<\/p>\n<p><strong>Rahul Choudaha<\/strong><br \/> Executive Vice President, StudyPortals<\/p>\n<p>[\/et_pb_text][et_pb_text _builder_version=&#8221;3.29.2&#8243; text_font_size=&#8221;12px&#8221; _i=&#8221;1&#8243; _address=&#8221;0.2.1.1&#8243;]Dr. Rahul Choudaha is a global higher education strategist. He holds a doctorate in higher education, master\u2019s in business management, and a bachelor\u2019s in electronics engineering. He has led thought leadership, research and global engagement as Executive Vice President at Studyportals and Chief Knowledge Officer at World Education Services. Choudaha frequently speaks at international conferences and has been quoted in over 300 publications including the BBC, Time, and The Wall Street Journal. He was the principal researcher of two national reports commissioned by NAFSA. He is an elected member of the General Council of the European Association for International Education (2018-2020) and previously served as the Chair of the International Education Leadership Knowledge Community of NAFSA.[\/et_pb_text][\/et_pb_column][\/et_pb_row][et_pb_row column_structure=&#8221;1_4,3_4&#8243; _builder_version=&#8221;3.29.2&#8243; background_color=&#8221;#ffffff&#8221; max_width=&#8221;1000px&#8221; module_alignment=&#8221;center&#8221; border_width_top=&#8221;3px&#8221; border_color_top=&#8221;#ee8851&#8243; _i=&#8221;3&#8243; _address=&#8221;0.3&#8243;][et_pb_column type=&#8221;1_4&#8243; _builder_version=&#8221;3.29.2&#8243; _i=&#8221;0&#8243; _address=&#8221;0.3.0&#8243;][et_pb_image src=&#8221;http:\/\/2019.czeducon.cz\/wp-content\/uploads\/2019\/10\/pendl.png&#8221; align=&#8221;center&#8221; _builder_version=&#8221;3.29.2&#8243; width=&#8221;90%&#8221; module_alignment=&#8221;right&#8221; _i=&#8221;0&#8243; _address=&#8221;0.3.0.0&#8243;][\/et_pb_image][\/et_pb_column][et_pb_column type=&#8221;3_4&#8243; _builder_version=&#8221;3.29.2&#8243; _i=&#8221;1&#8243; _address=&#8221;0.3.1&#8243;][et_pb_text _builder_version=&#8221;3.29.2&#8243; text_font_size=&#8221;16px&#8221; text_letter_spacing=&#8221;2px&#8221; custom_margin=&#8221;||12px|||&#8221; _i=&#8221;0&#8243; _address=&#8221;0.3.1.0&#8243;]<\/p>\n<p><strong>Sabine Pendl<\/strong><br \/> President, EAIE<\/p>\n<p>[\/et_pb_text][et_pb_text _builder_version=&#8221;3.29.2&#8243; text_font_size=&#8221;12px&#8221; _i=&#8221;1&#8243; _address=&#8221;0.3.1.1&#8243;]<\/p>\n<p><span>Sabine Pendl is the President of the European Association for International Education (EAIE) and the Director of the Office of International Relations at the University of Graz, Austria. For more than 25 years she has been active in the field of internationalisation. She has managed international projects and summer schools; has worked as a trainer on the development of joint degrees and the management of an international office; has authored numerous articles on internationalisation topics such as benchmarking and teaching in English; and has participated actively in conferences around the world. In addition, she was President of the Utrecht Network twice and currently acts as auditor for the German Rectors\u2019 Conference for their internationalisation project. Sabine\u2019s term as President of the EAIE is from September 2018 to 2020.\u00a0<\/span><\/p>\n<p>[\/et_pb_text][\/et_pb_column][\/et_pb_row][et_pb_row column_structure=&#8221;1_4,3_4&#8243; _builder_version=&#8221;3.29.2&#8243; background_color=&#8221;#ffffff&#8221; max_width=&#8221;1000px&#8221; module_alignment=&#8221;center&#8221; border_width_top=&#8221;3px&#8221; border_color_top=&#8221;#ee8851&#8243; _i=&#8221;4&#8243; _address=&#8221;0.4&#8243;][et_pb_column type=&#8221;1_4&#8243; _builder_version=&#8221;3.29.2&#8243; _i=&#8221;0&#8243; _address=&#8221;0.4.0&#8243;][et_pb_image src=&#8221;http:\/\/2019.czeducon.cz\/wp-content\/uploads\/2019\/10\/grothus.png&#8221; align=&#8221;center&#8221; _builder_version=&#8221;3.29.2&#8243; width=&#8221;90%&#8221; module_alignment=&#8221;right&#8221; _i=&#8221;0&#8243; _address=&#8221;0.4.0.0&#8243;][\/et_pb_image][\/et_pb_column][et_pb_column type=&#8221;3_4&#8243; _builder_version=&#8221;3.29.2&#8243; _i=&#8221;1&#8243; _address=&#8221;0.4.1&#8243;][et_pb_text _builder_version=&#8221;3.29.2&#8243; text_font_size=&#8221;16px&#8221; text_letter_spacing=&#8221;2px&#8221; custom_margin=&#8221;||12px|||&#8221; _i=&#8221;0&#8243; _address=&#8221;0.4.1.0&#8243;]<strong>Ulrich Grothus<\/strong><br \/>\nPresident, ACA[\/et_pb_text][et_pb_text _builder_version=&#8221;3.29.2&#8243; text_font_size=&#8221;12px&#8221; _i=&#8221;1&#8243; _address=&#8221;0.4.1.1&#8243;]<\/p>\n<p><span>Ulrich Grothus is president of the Academic Cooperation Association (ACA), the European umbrella organization of national agencies promoting internationalisation in higher education. Until his retirement in July 2018, Grothus was Deputy Secretary-General of the German Academic Exchange Service (DAAD). He obtained a Master\u2019s degree in Political Science at the Freie Universit\u00e4t Berlin in 1976. He then worked as a journalist before joining the International Division of the former West German Rectors Conference in 1982. He worked for DAAD from 1988 through 2018, first as spokesman and head of the president\u2019s office. From 1991, he was consecutively director of all three DAAD program directorates, for the Southern and Northern hemisphere and for supra regional internationalization programs.<\/span><\/p>\n<p>[\/et_pb_text][\/et_pb_column][\/et_pb_row][et_pb_row column_structure=&#8221;1_4,3_4&#8243; _builder_version=&#8221;3.29.2&#8243; background_color=&#8221;#ffffff&#8221; max_width=&#8221;1000px&#8221; module_alignment=&#8221;center&#8221; border_width_top=&#8221;3px&#8221; border_color_top=&#8221;#ee8851&#8243; _i=&#8221;5&#8243; _address=&#8221;0.5&#8243;][et_pb_column type=&#8221;1_4&#8243; _builder_version=&#8221;3.29.2&#8243; _i=&#8221;0&#8243; _address=&#8221;0.5.0&#8243;][et_pb_image src=&#8221;http:\/\/2019.czeducon.cz\/wp-content\/uploads\/2019\/10\/nantl.png&#8221; align=&#8221;center&#8221; _builder_version=&#8221;3.29.2&#8243; width=&#8221;90%&#8221; module_alignment=&#8221;right&#8221; _i=&#8221;0&#8243; _address=&#8221;0.5.0.0&#8243;][\/et_pb_image][\/et_pb_column][et_pb_column type=&#8221;3_4&#8243; _builder_version=&#8221;3.29.2&#8243; _i=&#8221;1&#8243; _address=&#8221;0.5.1&#8243;][et_pb_text _builder_version=&#8221;3.29.2&#8243; text_font_size=&#8221;16px&#8221; text_letter_spacing=&#8221;2px&#8221; custom_margin=&#8221;||12px|||&#8221; _i=&#8221;0&#8243; _address=&#8221;0.5.1.0&#8243;]<strong>Ji\u0159\u00ed Nantl<\/strong><br \/>\n\u0159editel, CEITEC MU[\/et_pb_text][et_pb_text _builder_version=&#8221;3.29.2&#8243; text_font_size=&#8221;12px&#8221; _i=&#8221;1&#8243; _address=&#8221;0.5.1.1&#8243;]<\/p>\n<p><span>Ji\u0159\u00ed Nantl is the former deputy minister of education for the Czech Republic, architect of higher educational legislation reform and National Educational Strategy 2014-2020, and principal co-author of Czech higher education qualifications framework. He is an educational law and policy expert, and higher education professional with substantial experience in governance, management and quality assurance of higher education institutions\/systems. He has a track record of guiding complex organizations through periods of transition. Nantl holds master\u00b4s degrees in political science, law and corporate law. He currently works as the managing director of the Central European Institute of Technology at Masaryk University in Brno. He has been involved with the Masaryk University since 2009, occupying various management positions.<\/span><\/p>\n<p>[\/et_pb_text][\/et_pb_column][\/et_pb_row][et_pb_row _builder_version=&#8221;3.29.2&#8243; background_color=&#8221;#ffffff&#8221; width=&#8221;100%&#8221; max_width=&#8221;1000px&#8221; module_alignment=&#8221;center&#8221; border_color_all=&#8221;#2c3e56&#8243; border_width_top=&#8221;3px&#8221; border_color_top=&#8221;#ee8851&#8243; _i=&#8221;6&#8243; _address=&#8221;0.6&#8243;][et_pb_column type=&#8221;4_4&#8243; _builder_version=&#8221;3.29.2&#8243; _i=&#8221;0&#8243; _address=&#8221;0.6.0&#8243;][et_pb_text _builder_version=&#8221;3.29.2&#8243; text_font_size=&#8221;15px&#8221; text_line_height=&#8221;1.8em&#8221; header_font=&#8221;|700|||||||&#8221; header_text_color=&#8221;#ee8851&#8243; header_font_size=&#8221;34px&#8221; custom_padding=&#8221;|0px||4px||&#8221; _i=&#8221;0&#8243; _address=&#8221;0.6.0.0&#8243;]<\/p>\n<p><span style=\"font-size: 15px;\">Nov\u011b bude d\u00e1n prostor i pro poster sessions. Pro registrovan\u00e9 hosty je p\u0159ipravena tak\u00e9 ve\u010dern\u00ed diskuze se zahrani\u010dn\u00edmi studenty a <\/span><b style=\"font-size: 15px;\">kulturn\u00ed program<\/b><span style=\"font-size: 15px;\"> v um\u011bleck\u00e9m centru Pragovka.<\/span><\/p>\n<p><b>Hlavn\u00ed t\u00e9mata f\u00f3ra CZEDUCON 2019 jsou:<\/b><\/p>\n<ul>\n<li>Mezin\u00e1rodn\u00ed vzd\u011bl\u00e1v\u00e1n\u00ed v \u010dase zm\u011bn<\/li>\n<li>Recruitment zahrani\u010dn\u00edch student\u016f<\/li>\n<li>Mezin\u00e1rodn\u00ed vzd\u011bl\u00e1v\u00e1n\u00ed pro v\u0161echny<\/li>\n<li>Mezin\u00e1rodn\u00ed vzd\u011bl\u00e1v\u00e1n\u00ed a pracovn\u00ed kari\u00e9ra<\/li>\n<li>V\u00fdzvy internacionalizace v \u010desk\u00e9m vysok\u00e9m \u0161kolstv\u00ed\u00a0<\/li>\n<\/ul>\n<p>Historicky prvn\u00ed ro\u010dn\u00edk se uskute\u010dnil v roce 2018. Sv\u016fj pohled na internacionalizaci vzd\u011bl\u00e1v\u00e1n\u00ed v Evrop\u011b p\u0159edstavil mimo jin\u00e9 b\u00fdval\u00fd prezident EAIE Markus Laitinen a z\u00e1stupkyn\u011b Evropsk\u00e9 komise Francesca Maltauro. Pr\u016f\u0159ezov\u00e9 t\u00e9ma konference \u201e20 let na vln\u011b mezin\u00e1rodn\u00edho vzd\u011bl\u00e1v\u00e1n\u00ed\u201c reagovalo na lo\u0148sk\u00e9 v\u00fdro\u010d\u00ed 20 let od zapojen\u00ed \u010cesk\u00e9 republiky do programu Erasmus.<\/p>\n<p>[\/et_pb_text][et_pb_code _builder_version=&#8221;3.29.2&#8243; text_orientation=&#8221;center&#8221; custom_padding=&#8221;15px|||||&#8221; _i=&#8221;1&#8243; _address=&#8221;0.6.0.1&#8243;]<iframe loading=\"lazy\" width=\"900\" height=\"600\" src=\"https:\/\/www.youtube.com\/embed\/eC4Nd94dZG8\" frameborder=\"0\" allow=\"accelerometer; autoplay; encrypted-media; gyroscope; picture-in-picture\" allowfullscreen><\/iframe>[\/et_pb_code][\/et_pb_column][\/et_pb_row][\/et_pb_section][et_pb_section fb_built=&#8221;1&#8243; _builder_version=&#8221;3.29.2&#8243; background_color=&#8221;#ee8851&#8243; custom_padding=&#8221;20px|0|8px|0|false|false&#8221; top_divider_style=&#8221;clouds2&#8243; top_divider_color=&#8221;rgba(0,0,0,0)&#8221; top_divider_height=&#8221;0px&#8221; top_divider_flip=&#8221;vertical&#8221; bottom_divider_style=&#8221;clouds&#8221; bottom_divider_color=&#8221;rgba(0,0,0,0)&#8221; transparent_background=&#8221;off&#8221; global_module=&#8221;3917&#8243; fb_built=&#8221;1&#8243; _i=&#8221;1&#8243; _address=&#8221;1&#8243;][et_pb_row column_structure=&#8221;2_5,3_5&#8243; use_custom_gutter=&#8221;on&#8221; gutter_width=&#8221;2&#8243; column_padding_mobile=&#8221;on&#8221; _builder_version=&#8221;3.25&#8243; background_size=&#8221;initial&#8221; background_position=&#8221;top_left&#8221; background_repeat=&#8221;repeat&#8221; custom_padding=&#8221;0||0|0|true|false&#8221; _i=&#8221;0&#8243; _address=&#8221;1.0&#8243;][et_pb_column type=&#8221;2_5&#8243; _builder_version=&#8221;3.25&#8243; custom_padding=&#8221;|||&#8221; _i=&#8221;0&#8243; _address=&#8221;1.0.0&#8243; custom_padding__hover=&#8221;|||&#8221;][et_pb_text _builder_version=&#8221;3.29.2&#8243; text_font_size=&#8221;20px&#8221; custom_padding=&#8221;|||10px||&#8221; hover_enabled=&#8221;0&#8243; _i=&#8221;0&#8243; _address=&#8221;1.0.0.0&#8243;]<span style=\"color: #FADDCD;\">\u010desky | <\/span><strong><span style=\"color: #ffffff;\"><a href=\"https:\/\/en.czeducon.cz\" style=\"color: #ffffff;\">english<\/a><\/span><\/strong>[\/et_pb_text][et_pb_text _builder_version=&#8221;3.29.2&#8243; text_font_size=&#8221;20px&#8221; custom_padding=&#8221;|||10px||&#8221; _i=&#8221;1&#8243; _address=&#8221;1.0.0.1&#8243;]<strong><span style=\"color: #ffffff;\"><a href=\"https:\/\/2018.czeducon.cz\" style=\"color: #ffffff;\">Ro\u010dn\u00edk 2018<\/a><\/span><\/strong><\/p>\n<p>[\/et_pb_text][et_pb_code _builder_version=&#8221;3.12.1&#8243; _i=&#8221;2&#8243; _address=&#8221;1.0.0.2&#8243;][\/et_pb_code][\/et_pb_column][et_pb_column type=&#8221;3_5&#8243; _builder_version=&#8221;3.25&#8243; custom_padding=&#8221;|||&#8221; _i=&#8221;1&#8243; _address=&#8221;1.0.1&#8243; custom_padding__hover=&#8221;|||&#8221;][et_pb_image src=&#8221;http:\/\/2019.czeducon.cz\/wp-content\/uploads\/2019\/09\/DZS_logolink_sirka_zkratka_bila19.png&#8221; _builder_version=&#8221;3.29.2&#8243; width=&#8221;80%&#8221; max_width=&#8221;100%&#8221; _i=&#8221;0&#8243; _address=&#8221;1.0.1.0&#8243;][\/et_pb_image][\/et_pb_column][\/et_pb_row][\/et_pb_section]<\/p>\n","protected":false},"excerpt":{"rendered":"<p>\u010desky | englishF\u00f3rum CZEDUCON je platformou pro setk\u00e1v\u00e1n\u00ed odborn\u00edk\u016f z oblasti internacionalizace vysok\u00fdch \u0161kol. V \u010cesk\u00e9 republice se jedn\u00e1 o nejv\u011bt\u0161\u00ed akci sv\u00e9ho druhu. Konferenci po\u0159\u00e1d\u00e1 D\u016fm zahrani\u010dn\u00ed spolupr\u00e1ce pod z\u00e1\u0161titou M\u0160MT. V roce 2019 se konference z\u00fa\u010dastn\u00ed na 500 n\u00e1v\u0161t\u011bvn\u00edk\u016f a vybrat si budou moci ze 42 p\u0159edn\u00e1\u0161ek a workshop\u016f. T\u011b\u0161it se mohou na [&hellip;]<\/p>\n","protected":false},"author":1,"featured_media":0,"parent":0,"menu_order":0,"comment_status":"closed","ping_status":"closed","template":"","meta":{"_et_pb_use_builder":"on","_et_pb_old_content":"","_et_gb_content_width":"","inline_featured_image":false,"_exactmetrics_skip_tracking":false,"_exactmetrics_sitenote_active":false,"_exactmetrics_sitenote_note":"","_exactmetrics_sitenote_category":0,"footnotes":"","_links_to":"","_links_to_target":""},"class_list":["post-5059","page","type-page","status-publish","hentry"],"translation":{"provider":"WPGlobus","version":"3.0.2","language":"en","enabled_languages":["cs","en"],"languages":{"cs":{"title":true,"content":true,"excerpt":false},"en":{"title":false,"content":false,"excerpt":false}}},"yoast_head":"<!-- This site is optimized with the Yoast SEO plugin v27.5 - https:\/\/yoast.com\/product\/yoast-seo-wordpress\/ -->\n<title>pruh - CZEDUCON.cz<\/title>\n<meta name=\"robots\" content=\"index, follow, max-snippet:-1, max-image-preview:large, max-video-preview:-1\" \/>\n<link rel=\"canonical\" href=\"https:\/\/2019.czeducon.cz\/pruh\/\" \/>\n<meta property=\"og:locale\" content=\"en_US\" \/>\n<meta property=\"og:type\" content=\"article\" \/>\n<meta property=\"og:title\" content=\"pruh - CZEDUCON.cz\" \/>\n<meta property=\"og:url\" content=\"https:\/\/2019.czeducon.cz\/pruh\/\" \/>\n<meta property=\"og:site_name\" content=\"CZEDUCON.cz\" \/>\n<meta property=\"article:publisher\" content=\"https:\/\/www.facebook.com\/dumzahranicnispoluprace\/\" \/>\n<meta property=\"article:modified_time\" content=\"2019-10-20T10:29:14+00:00\" \/>\n<meta name=\"twitter:card\" content=\"summary_large_image\" \/>\n<meta name=\"twitter:site\" content=\"@dzs_cz\" \/>\n<meta name=\"twitter:label1\" content=\"Est. reading time\" \/>\n\t<meta name=\"twitter:data1\" content=\"8 minutes\" \/>\n<script type=\"application\/ld+json\" class=\"yoast-schema-graph\">{\"@context\":\"https:\\\/\\\/schema.org\",\"@graph\":[{\"@type\":\"WebPage\",\"@id\":\"https:\\\/\\\/2019.czeducon.cz\\\/pruh\\\/\",\"url\":\"https:\\\/\\\/2019.czeducon.cz\\\/pruh\\\/\",\"name\":\"pruh - CZEDUCON.cz\",\"isPartOf\":{\"@id\":\"https:\\\/\\\/2019.czeducon.cz\\\/#website\"},\"datePublished\":\"2019-10-20T10:29:13+00:00\",\"dateModified\":\"2019-10-20T10:29:14+00:00\",\"breadcrumb\":{\"@id\":\"https:\\\/\\\/2019.czeducon.cz\\\/pruh\\\/#breadcrumb\"},\"inLanguage\":\"en-US\",\"potentialAction\":[{\"@type\":\"ReadAction\",\"target\":[\"https:\\\/\\\/2019.czeducon.cz\\\/pruh\\\/\"]}]},{\"@type\":\"BreadcrumbList\",\"@id\":\"https:\\\/\\\/2019.czeducon.cz\\\/pruh\\\/#breadcrumb\",\"itemListElement\":[{\"@type\":\"ListItem\",\"position\":1,\"name\":\"Dom\u016f\",\"item\":\"https:\\\/\\\/2019.czeducon.cz\\\/\"},{\"@type\":\"ListItem\",\"position\":2,\"name\":\"pruh\"}]},{\"@type\":\"WebSite\",\"@id\":\"https:\\\/\\\/2019.czeducon.cz\\\/#website\",\"url\":\"https:\\\/\\\/2019.czeducon.cz\\\/\",\"name\":\"CZEDUCON.cz - F\u00f3rum mezin\u00e1rodn\u00edho vysoko\u0161kolsk\u00e9ho vzd\u011bl\u00e1v\u00e1n\u00ed\",\"description\":\"F\u00f3rum mezin\u00e1rodn\u00edho vysoko\u0161kolsk\u00e9ho vzd\u011bl\u00e1v\u00e1n\u00ed\",\"publisher\":{\"@id\":\"https:\\\/\\\/2019.czeducon.cz\\\/#organization\"},\"potentialAction\":[{\"@type\":\"SearchAction\",\"target\":{\"@type\":\"EntryPoint\",\"urlTemplate\":\"https:\\\/\\\/2019.czeducon.cz\\\/?s={search_term_string}\"},\"query-input\":{\"@type\":\"PropertyValueSpecification\",\"valueRequired\":true,\"valueName\":\"search_term_string\"}}],\"inLanguage\":\"en-US\"},{\"@type\":\"Organization\",\"@id\":\"https:\\\/\\\/2019.czeducon.cz\\\/#organization\",\"name\":\"D\u016fm zahrani\u010dn\u00ed spolupr\u00e1ce\",\"url\":\"https:\\\/\\\/2019.czeducon.cz\\\/\",\"logo\":{\"@type\":\"ImageObject\",\"inLanguage\":\"en-US\",\"@id\":\"https:\\\/\\\/2019.czeducon.cz\\\/#\\\/schema\\\/logo\\\/image\\\/\",\"url\":\"https:\\\/\\\/2019.czeducon.cz\\\/wp-content\\\/uploads\\\/2019\\\/06\\\/DZS_logo_zakladni_RGB.png\",\"contentUrl\":\"https:\\\/\\\/2019.czeducon.cz\\\/wp-content\\\/uploads\\\/2019\\\/06\\\/DZS_logo_zakladni_RGB.png\",\"width\":772,\"height\":275,\"caption\":\"D\u016fm zahrani\u010dn\u00ed spolupr\u00e1ce\"},\"image\":{\"@id\":\"https:\\\/\\\/2019.czeducon.cz\\\/#\\\/schema\\\/logo\\\/image\\\/\"},\"sameAs\":[\"https:\\\/\\\/www.facebook.com\\\/dumzahranicnispoluprace\\\/\",\"https:\\\/\\\/x.com\\\/dzs_cz\",\"https:\\\/\\\/www.instagram.com\\\/dzs_cz\\\/\",\"https:\\\/\\\/www.linkedin.com\\\/company\\\/dzs_cz\\\/\",\"https:\\\/\\\/www.youtube.com\\\/channel\\\/UCG0LN9Gh9Hjc2803QuuPoOw\"]}]}<\/script>\n<!-- \/ Yoast SEO plugin. -->","yoast_head_json":{"title":"pruh - CZEDUCON.cz","robots":{"index":"index","follow":"follow","max-snippet":"max-snippet:-1","max-image-preview":"max-image-preview:large","max-video-preview":"max-video-preview:-1"},"canonical":"https:\/\/2019.czeducon.cz\/pruh\/","og_locale":"en_US","og_type":"article","og_title":"pruh - CZEDUCON.cz","og_url":"https:\/\/2019.czeducon.cz\/pruh\/","og_site_name":"CZEDUCON.cz","article_publisher":"https:\/\/www.facebook.com\/dumzahranicnispoluprace\/","article_modified_time":"2019-10-20T10:29:14+00:00","twitter_card":"summary_large_image","twitter_site":"@dzs_cz","twitter_misc":{"Est. reading time":"8 minutes"},"schema":{"@context":"https:\/\/schema.org","@graph":[{"@type":"WebPage","@id":"https:\/\/2019.czeducon.cz\/pruh\/","url":"https:\/\/2019.czeducon.cz\/pruh\/","name":"pruh - CZEDUCON.cz","isPartOf":{"@id":"https:\/\/2019.czeducon.cz\/#website"},"datePublished":"2019-10-20T10:29:13+00:00","dateModified":"2019-10-20T10:29:14+00:00","breadcrumb":{"@id":"https:\/\/2019.czeducon.cz\/pruh\/#breadcrumb"},"inLanguage":"en-US","potentialAction":[{"@type":"ReadAction","target":["https:\/\/2019.czeducon.cz\/pruh\/"]}]},{"@type":"BreadcrumbList","@id":"https:\/\/2019.czeducon.cz\/pruh\/#breadcrumb","itemListElement":[{"@type":"ListItem","position":1,"name":"Dom\u016f","item":"https:\/\/2019.czeducon.cz\/"},{"@type":"ListItem","position":2,"name":"pruh"}]},{"@type":"WebSite","@id":"https:\/\/2019.czeducon.cz\/#website","url":"https:\/\/2019.czeducon.cz\/","name":"CZEDUCON.cz - F\u00f3rum mezin\u00e1rodn\u00edho vysoko\u0161kolsk\u00e9ho vzd\u011bl\u00e1v\u00e1n\u00ed","description":"F\u00f3rum mezin\u00e1rodn\u00edho vysoko\u0161kolsk\u00e9ho vzd\u011bl\u00e1v\u00e1n\u00ed","publisher":{"@id":"https:\/\/2019.czeducon.cz\/#organization"},"potentialAction":[{"@type":"SearchAction","target":{"@type":"EntryPoint","urlTemplate":"https:\/\/2019.czeducon.cz\/?s={search_term_string}"},"query-input":{"@type":"PropertyValueSpecification","valueRequired":true,"valueName":"search_term_string"}}],"inLanguage":"en-US"},{"@type":"Organization","@id":"https:\/\/2019.czeducon.cz\/#organization","name":"D\u016fm zahrani\u010dn\u00ed spolupr\u00e1ce","url":"https:\/\/2019.czeducon.cz\/","logo":{"@type":"ImageObject","inLanguage":"en-US","@id":"https:\/\/2019.czeducon.cz\/#\/schema\/logo\/image\/","url":"https:\/\/2019.czeducon.cz\/wp-content\/uploads\/2019\/06\/DZS_logo_zakladni_RGB.png","contentUrl":"https:\/\/2019.czeducon.cz\/wp-content\/uploads\/2019\/06\/DZS_logo_zakladni_RGB.png","width":772,"height":275,"caption":"D\u016fm zahrani\u010dn\u00ed spolupr\u00e1ce"},"image":{"@id":"https:\/\/2019.czeducon.cz\/#\/schema\/logo\/image\/"},"sameAs":["https:\/\/www.facebook.com\/dumzahranicnispoluprace\/","https:\/\/x.com\/dzs_cz","https:\/\/www.instagram.com\/dzs_cz\/","https:\/\/www.linkedin.com\/company\/dzs_cz\/","https:\/\/www.youtube.com\/channel\/UCG0LN9Gh9Hjc2803QuuPoOw"]}]}},"_links":{"self":[{"href":"https:\/\/2019.czeducon.cz\/en\/wp-json\/wp\/v2\/pages\/5059","targetHints":{"allow":["GET"]}}],"collection":[{"href":"https:\/\/2019.czeducon.cz\/en\/wp-json\/wp\/v2\/pages"}],"about":[{"href":"https:\/\/2019.czeducon.cz\/en\/wp-json\/wp\/v2\/types\/page"}],"author":[{"embeddable":true,"href":"https:\/\/2019.czeducon.cz\/en\/wp-json\/wp\/v2\/users\/1"}],"replies":[{"embeddable":true,"href":"https:\/\/2019.czeducon.cz\/en\/wp-json\/wp\/v2\/comments?post=5059"}],"version-history":[{"count":3,"href":"https:\/\/2019.czeducon.cz\/en\/wp-json\/wp\/v2\/pages\/5059\/revisions"}],"predecessor-version":[{"id":5065,"href":"https:\/\/2019.czeducon.cz\/en\/wp-json\/wp\/v2\/pages\/5059\/revisions\/5065"}],"wp:attachment":[{"href":"https:\/\/2019.czeducon.cz\/en\/wp-json\/wp\/v2\/media?parent=5059"}],"curies":[{"name":"wp","href":"https:\/\/api.w.org\/{rel}","templated":true}]}}